{"id":2861,"date":"2023-01-04T19:17:02","date_gmt":"2023-01-04T19:17:02","guid":{"rendered":"https:\/\/pie-canada.org\/?page_id=2861"},"modified":"2023-02-27T14:00:38","modified_gmt":"2023-02-27T14:00:38","slug":"a-propos-de-nous-2","status":"publish","type":"page","link":"https:\/\/pie-canada.org\/?page_id=2861","title":{"rendered":"Pourquoi le Canada"},"content":{"rendered":"\t\t<div data-elementor-type=\"wp-page\" data-elementor-id=\"2861\" class=\"elementor elementor-2861\" data-elementor-settings=\"{&quot;ha_cmc_init_switcher&quot;:&quot;no&quot;}\">\n\t\t\t\t\t\t<section class=\"elementor-section elementor-top-section elementor-element elementor-element-4c8b2fa elementor-section-height-min-height elementor-section-items-bottom elementor-section-boxed elementor-section-height-default\" data-id=\"4c8b2fa\" data-element_type=\"section\" data-e-type=\"section\" data-settings=\"{&quot;background_background&quot;:&quot;classic&quot;,&quot;_ha_eqh_enable&quot;:false}\">\n\t\t\t\t\t\t\t<div class=\"elementor-background-overlay\"><\/div>\n\t\t\t\t\t\t\t<div class=\"elementor-container elementor-column-gap-default\">\n\t\t\t\t\t<div class=\"elementor-column elementor-col-50 elementor-top-column elementor-element elementor-element-f2e1721\" data-id=\"f2e1721\" data-element_type=\"column\" data-e-type=\"column\">\n\t\t\t<div class=\"elementor-widget-wrap elementor-element-populated\">\n\t\t\t\t\t\t<div class=\"elementor-element elementor-element-9bb5f84 elementor-widget elementor-widget-heading\" data-id=\"9bb5f84\" data-element_type=\"widget\" data-e-type=\"widget\" data-widget_type=\"heading.default\">\n\t\t\t\t<div class=\"elementor-widget-container\">\n\t\t\t\t\t<h2 class=\"elementor-heading-title elementor-size-default\">Pourquoi le Canada<\/h2>\t\t\t\t<\/div>\n\t\t\t\t<\/div>\n\t\t\t\t\t<\/div>\n\t\t<\/div>\n\t\t\t\t<div class=\"elementor-column elementor-col-50 elementor-top-column elementor-element elementor-element-e05a1b1 elementor-hidden-tablet elementor-hidden-phone\" data-id=\"e05a1b1\" data-element_type=\"column\" data-e-type=\"column\">\n\t\t\t<div class=\"elementor-widget-wrap\">\n\t\t\t\t\t\t\t<\/div>\n\t\t<\/div>\n\t\t\t\t\t<\/div>\n\t\t<\/section>\n\t\t\t\t<section class=\"elementor-section elementor-top-section elementor-element elementor-element-3464781 elementor-section-full_width elementor-section-height-default elementor-section-height-default\" data-id=\"3464781\" data-element_type=\"section\" data-e-type=\"section\" data-settings=\"{&quot;background_background&quot;:&quot;classic&quot;,&quot;_ha_eqh_enable&quot;:false}\">\n\t\t\t\t\t\t<div class=\"elementor-container elementor-column-gap-default\">\n\t\t\t\t\t<div class=\"elementor-column elementor-col-50 elementor-top-column elementor-element elementor-element-f4eae5f\" data-id=\"f4eae5f\" data-element_type=\"column\" data-e-type=\"column\">\n\t\t\t<div class=\"elementor-widget-wrap elementor-element-populated\">\n\t\t\t\t\t\t<section class=\"elementor-section elementor-top-section elementor-element elementor-element-185cf51 elementor-section-boxed elementor-section-height-default elementor-section-height-default\" data-id=\"185cf51\" data-element_type=\"section\" data-e-type=\"section\" data-settings=\"{&quot;_ha_eqh_enable&quot;:false}\">\n\t\t\t\t\t\t<div class=\"elementor-container elementor-column-gap-default\">\n\t\t\t\t\t<div class=\"elementor-column elementor-col-100 elementor-top-column elementor-element elementor-element-2d58700\" data-id=\"2d58700\" data-element_type=\"column\" data-e-type=\"column\">\n\t\t\t<div class=\"elementor-widget-wrap elementor-element-populated\">\n\t\t\t\t\t\t<div class=\"elementor-element elementor-element-f380cbd elementor-widget elementor-widget-text-editor\" data-id=\"f380cbd\" data-element_type=\"widget\" data-e-type=\"widget\" data-widget_type=\"text-editor.default\">\n\t\t\t\t<div class=\"elementor-widget-container\">\n\t\t\t\t\t\t\t\t\t<p>Le Canada est un pays incroyable qui offre aux immigrants de nombreuses possibilit\u00e9s \u00e9tonnantes. Il n\u2019est donc pas surprenant que plus de 300 000 personnes s\u2019installent au Canada chaque ann\u00e9e \u00e0 la recherche d\u2019une vie meilleure dans l\u2019une des destinations d\u2019expatri\u00e9s les plus populaires au monde. Quoi qu\u2019il en soit, vous vous demandez peut-\u00eatre pourquoi le Canada attire autant de gens du monde entier. Pourquoi tant de gens choisissent-ils de vivre et de travailler au Canada ? La r\u00e9ponse est simple : le Canada est un pays accueillant pour les immigrants o\u00f9 les r\u00e9sidents jouissent g\u00e9n\u00e9ralement d\u2019une haute qualit\u00e9 de vie !<\/p>\t\t\t\t\t\t\t\t<\/div>\n\t\t\t\t<\/div>\n\t\t\t\t<div class=\"elementor-element elementor-element-3d9901f elementor-widget elementor-widget-heading\" data-id=\"3d9901f\" data-element_type=\"widget\" data-e-type=\"widget\" data-widget_type=\"heading.default\">\n\t\t\t\t<div class=\"elementor-widget-container\">\n\t\t\t\t\t<h2 class=\"elementor-heading-title elementor-size-default\">Favorable aux immigrants<\/h2>\t\t\t\t<\/div>\n\t\t\t\t<\/div>\n\t\t\t\t<div class=\"elementor-element elementor-element-56dd5b3 elementor-widget elementor-widget-text-editor\" data-id=\"56dd5b3\" data-element_type=\"widget\" data-e-type=\"widget\" data-widget_type=\"text-editor.default\">\n\t\t\t\t<div class=\"elementor-widget-container\">\n\t\t\t\t\t\t\t\t\t<ul><li>Le Canada est un pays favorable aux immigrants<\/li><li>Les immigrants sont les bienvenus au Canada et contribuent \u00e0 son \u00e9conomie et \u00e0 sa soci\u00e9t\u00e9.<\/li><li>Les travailleurs \u00e9trangers qualifi\u00e9s sont n\u00e9cessaires pour combler les emplois \u00e0 forte demande au Canada dans de nombreuses professions.<\/li><li>Plus de 300 000 nouveaux r\u00e9sidents permanents immigrent au Canada chaque ann\u00e9e.<\/li><li>L\u2019immigration canadienne est un processus relativement simple.<\/li><li>Le syst\u00e8me d\u2019immigration Entr\u00e9e Express est une fa\u00e7on rapide de vivre et de travailler au Canada.<\/li><li>Les r\u00e9sidents permanents du Canada peuvent travailler, \u00e9tudier, d\u00e9marrer une entreprise et poss\u00e9der des biens au Canada.<\/li><li>Le Canada est un pays multiculturel (22 % des r\u00e9sidents canadiens sont n\u00e9s en dehors du Canada).<\/li><li>Le multiculturalisme est une politique officielle au Canada depuis 1971.<\/li><li>Le Canada permet la double citoyennet\u00e9.<\/li><li>Les r\u00e9sidents permanents peuvent demander la citoyennet\u00e9 canadienne apr\u00e8s avoir v\u00e9cu au Canada pendant trois ans.<\/li><\/ul>\t\t\t\t\t\t\t\t<\/div>\n\t\t\t\t<\/div>\n\t\t\t\t<div class=\"elementor-element elementor-element-62cf201 elementor-widget elementor-widget-heading\" data-id=\"62cf201\" data-element_type=\"widget\" data-e-type=\"widget\" data-widget_type=\"heading.default\">\n\t\t\t\t<div class=\"elementor-widget-container\">\n\t\t\t\t\t<h2 class=\"elementor-heading-title elementor-size-default\">Qualit\u00e9 de vie \u00e9lev\u00e9e<\/h2>\t\t\t\t<\/div>\n\t\t\t\t<\/div>\n\t\t\t\t<div class=\"elementor-element elementor-element-7431308 elementor-widget elementor-widget-text-editor\" data-id=\"7431308\" data-element_type=\"widget\" data-e-type=\"widget\" data-widget_type=\"text-editor.default\">\n\t\t\t\t<div class=\"elementor-widget-container\">\n\t\t\t\t\t\t\t\t\t<ul><li>Le Canada se classe au 1er rang mondial en terme de qualit\u00e9 de vie.<\/li><li>Vancouver, Toronto et Calgary figurent parmi les 10 villes les plus agr\u00e9ables \u00e0 vivre au monde.<\/li><li>Le Canada dispose d\u2019un excellent syst\u00e8me \u00e9ducatif et est l\u2019un des pays les plus instruits du monde.<\/li><li>Le Reputation Institute a class\u00e9 le Canada au 1er rang mondial pour la r\u00e9putation positive de son pays.<\/li><li>D Le Canada a la 10e \u00e9conomie mondiale.<\/li><li>Les emplois au Canada sont nombreux et ont tendance \u00e0 bien payer.<\/li><li>Le Global Peace Index classe le Canada parmi les 10 pays les plus pacifiques de la plan\u00e8te.<\/li><li>Le Legatum Institute classe le Canada au 2e rang mondial en terme de libert\u00e9 individuelle.<\/li><li>Le Legatum Prosperity Index a class\u00e9 le Canada parmi les 10 pays les plus prosp\u00e8res.<\/li><li>Les citoyens et les r\u00e9sidents permanents du Canada re\u00e7oivent des soins de sant\u00e9 gratuits.<\/li><li>L\u2019esp\u00e9rance de vie au Canada est de 82 ans, ce qui est sup\u00e9rieur \u00e0 la moyenne de l\u2019OCDE.<\/li><li>Le Canada est c\u00e9l\u00e8bre pour ses paysages spectaculaires.<\/li><li>Les Nations Unies ont d\u00e9sign\u00e9 le Canada comme l\u2019un des 10 endroits les plus heureux de la plan\u00e8te.<\/li><\/ul>\t\t\t\t\t\t\t\t<\/div>\n\t\t\t\t<\/div>\n\t\t\t\t<div class=\"elementor-element elementor-element-a70b1f6 elementor-widget elementor-widget-heading\" data-id=\"a70b1f6\" data-element_type=\"widget\" data-e-type=\"widget\" data-widget_type=\"heading.default\">\n\t\t\t\t<div class=\"elementor-widget-container\">\n\t\t\t\t\t<h2 class=\"elementor-heading-title elementor-size-default\">D\u00e9m\u00e9nagez au Canada !<\/h2>\t\t\t\t<\/div>\n\t\t\t\t<\/div>\n\t\t\t\t<div class=\"elementor-element elementor-element-77fa254 elementor-widget elementor-widget-text-editor\" data-id=\"77fa254\" data-element_type=\"widget\" data-e-type=\"widget\" data-widget_type=\"text-editor.default\">\n\t\t\t\t<div class=\"elementor-widget-container\">\n\t\t\t\t\t\t\t\t\t<p>Comme vous pouvez le constater, le Canada est un endroit o\u00f9 il fait bon vivre. Peu de pays sont aussi bien class\u00e9s que le Canada en termes de qualit\u00e9 de vie, d\u2019emploi et d\u2019occasions commerciales, de prosp\u00e9rit\u00e9, de libert\u00e9 personnelle, de soins de sant\u00e9, de s\u00e9curit\u00e9, d\u2019esp\u00e9rance de vie, d\u2019\u00e9ducation, de beaut\u00e9 naturelle et de bonheur. Bien que de nombreux pays restreignent l\u2019immigration, le Canada a adopt\u00e9 la diversit\u00e9 et augmente en fait le nombre d\u2019immigrants qu\u2019il accueille chaque ann\u00e9e. C\u2019est maintenant le bon moment pour d\u00e9m\u00e9nager au Canada, puisque l\u2019\u00e9conomie canadienne cro\u00eet rapidement et qu\u2019il y a p\u00e9nurie de travailleurs qualifi\u00e9s pour combler tous les nouveaux emplois cr\u00e9\u00e9s. Si vous et votre famille aimeriez en savoir plus sur les options qui s\u2019offrent \u00e0 vous pour vivre et travailler au Canada,\u00a0<a href=\"#\"><strong>cliquez ici!<\/strong><\/a><\/p>\t\t\t\t\t\t\t\t<\/div>\n\t\t\t\t<\/div>\n\t\t\t\t\t<\/div>\n\t\t<\/div>\n\t\t\t\t\t<\/div>\n\t\t<\/section>\n\t\t\t\t\t<\/div>\n\t\t<\/div>\n\t\t\t\t<div class=\"elementor-column elementor-col-50 elementor-top-column elementor-element elementor-element-2fc3666 elementor-hidden-tablet elementor-hidden-mobile\" data-id=\"2fc3666\" data-element_type=\"column\" data-e-type=\"column\" data-settings=\"{&quot;background_background&quot;:&quot;classic&quot;}\">\n\t\t\t<div class=\"elementor-widget-wrap elementor-element-populated\">\n\t\t\t\t\t\t<div class=\"elementor-element elementor-element-6d5cf0e elementor-widget elementor-widget-spacer\" data-id=\"6d5cf0e\" data-element_type=\"widget\" data-e-type=\"widget\" data-widget_type=\"spacer.default\">\n\t\t\t\t<div class=\"elementor-widget-container\">\n\t\t\t\t\t\t\t<div class=\"elementor-spacer\">\n\t\t\t<div class=\"elementor-spacer-inner\"><\/div>\n\t\t<\/div>\n\t\t\t\t\t\t<\/div>\n\t\t\t\t<\/div>\n\t\t\t\t<div class=\"elementor-element elementor-element-673d3a4 elementor-widget elementor-widget-spacer\" data-id=\"673d3a4\" data-element_type=\"widget\" data-e-type=\"widget\" data-widget_type=\"spacer.default\">\n\t\t\t\t<div class=\"elementor-widget-container\">\n\t\t\t\t\t\t\t<div class=\"elementor-spacer\">\n\t\t\t<div class=\"elementor-spacer-inner\"><\/div>\n\t\t<\/div>\n\t\t\t\t\t\t<\/div>\n\t\t\t\t<\/div>\n\t\t\t\t\t<\/div>\n\t\t<\/div>\n\t\t\t\t\t<\/div>\n\t\t<\/section>\n\t\t\t\t<\/div>\n\t\t","protected":false},"excerpt":{"rendered":"<p>Pourquoi le Canada Le Canada est un pays incroyable qui offre aux immigrants de nombreuses possibilit\u00e9s \u00e9tonnantes. Il n\u2019est donc pas surprenant que plus de 300 000 personnes s\u2019installent au Canada chaque ann\u00e9e \u00e0 la recherche d\u2019une vie meilleure dans l\u2019une des destinations d\u2019expatri\u00e9s les plus populaires au monde. Quoi qu\u2019il en soit, vous vous&#8230;<\/p>\n","protected":false},"author":1,"featured_media":0,"parent":0,"menu_order":0,"comment_status":"closed","ping_status":"closed","template":"","meta":{"_kadence_starter_templates_imported_post":false,"_kad_post_transparent":"","_kad_post_title":"hide","_kad_post_layout":"fullwidth","_kad_post_sidebar_id":"","_kad_post_content_style":"unboxed","_kad_post_vertical_padding":"hide","_kad_post_feature":"hide","_kad_post_feature_position":"","_kad_post_header":false,"_kad_post_footer":false,"_kad_post_classname":"","footnotes":""},"class_list":["post-2861","page","type-page","status-publish","hentry"],"_links":{"self":[{"href":"https:\/\/pie-canada.org\/index.php?rest_route=\/wp\/v2\/pages\/2861","targetHints":{"allow":["GET"]}}],"collection":[{"href":"https:\/\/pie-canada.org\/index.php?rest_route=\/wp\/v2\/pages"}],"about":[{"href":"https:\/\/pie-canada.org\/index.php?rest_route=\/wp\/v2\/types\/page"}],"author":[{"embeddable":true,"href":"https:\/\/pie-canada.org\/index.php?rest_route=\/wp\/v2\/users\/1"}],"replies":[{"embeddable":true,"href":"https:\/\/pie-canada.org\/index.php?rest_route=%2Fwp%2Fv2%2Fcomments&post=2861"}],"version-history":[{"count":40,"href":"https:\/\/pie-canada.org\/index.php?rest_route=\/wp\/v2\/pages\/2861\/revisions"}],"predecessor-version":[{"id":3407,"href":"https:\/\/pie-canada.org\/index.php?rest_route=\/wp\/v2\/pages\/2861\/revisions\/3407"}],"wp:attachment":[{"href":"https:\/\/pie-canada.org\/index.php?rest_route=%2Fwp%2Fv2%2Fmedia&parent=2861"}],"curies":[{"name":"wp","href":"https:\/\/api.w.org\/{rel}","templated":true}]}}