{"id":2922,"date":"2023-01-04T20:16:27","date_gmt":"2023-01-04T20:16:27","guid":{"rendered":"https:\/\/pie-canada.org\/?page_id=2922"},"modified":"2023-02-27T16:01:33","modified_gmt":"2023-02-27T16:01:33","slug":"programmes-de-visas","status":"publish","type":"page","link":"https:\/\/pie-canada.org\/?page_id=2922","title":{"rendered":"Programmes de visas"},"content":{"rendered":"\t\t<div data-elementor-type=\"wp-page\" data-elementor-id=\"2922\" class=\"elementor elementor-2922\" data-elementor-settings=\"{&quot;ha_cmc_init_switcher&quot;:&quot;no&quot;}\">\n\t\t\t\t\t\t<section class=\"elementor-section elementor-top-section elementor-element elementor-element-1f3d480 elementor-section-height-min-height elementor-section-items-bottom elementor-section-boxed elementor-section-height-default\" data-id=\"1f3d480\" data-element_type=\"section\" data-e-type=\"section\" data-settings=\"{&quot;background_background&quot;:&quot;classic&quot;,&quot;_ha_eqh_enable&quot;:false}\">\n\t\t\t\t\t\t\t<div class=\"elementor-background-overlay\"><\/div>\n\t\t\t\t\t\t\t<div class=\"elementor-container elementor-column-gap-default\">\n\t\t\t\t\t<div class=\"elementor-column elementor-col-50 elementor-top-column elementor-element elementor-element-0967862\" data-id=\"0967862\" data-element_type=\"column\" data-e-type=\"column\">\n\t\t\t<div class=\"elementor-widget-wrap elementor-element-populated\">\n\t\t\t\t\t\t<div class=\"elementor-element elementor-element-d6a5638 elementor-widget elementor-widget-heading\" data-id=\"d6a5638\" data-element_type=\"widget\" data-e-type=\"widget\" data-widget_type=\"heading.default\">\n\t\t\t\t<div class=\"elementor-widget-container\">\n\t\t\t\t\t<h2 class=\"elementor-heading-title elementor-size-default\">Programmes de visas<\/h2>\t\t\t\t<\/div>\n\t\t\t\t<\/div>\n\t\t\t\t\t<\/div>\n\t\t<\/div>\n\t\t\t\t<div class=\"elementor-column elementor-col-50 elementor-top-column elementor-element elementor-element-fe11bc4 elementor-hidden-tablet elementor-hidden-phone\" data-id=\"fe11bc4\" data-element_type=\"column\" data-e-type=\"column\">\n\t\t\t<div class=\"elementor-widget-wrap\">\n\t\t\t\t\t\t\t<\/div>\n\t\t<\/div>\n\t\t\t\t\t<\/div>\n\t\t<\/section>\n\t\t\t\t<section class=\"elementor-section elementor-top-section elementor-element elementor-element-d5baf3c elementor-section-full_width elementor-section-height-default elementor-section-height-default\" data-id=\"d5baf3c\" data-element_type=\"section\" data-e-type=\"section\" data-settings=\"{&quot;background_background&quot;:&quot;classic&quot;,&quot;_ha_eqh_enable&quot;:false}\">\n\t\t\t\t\t\t<div class=\"elementor-container elementor-column-gap-default\">\n\t\t\t\t\t<div class=\"elementor-column elementor-col-50 elementor-top-column elementor-element elementor-element-bb06e6f elementor-hidden-tablet elementor-hidden-mobile\" data-id=\"bb06e6f\" data-element_type=\"column\" data-e-type=\"column\" data-settings=\"{&quot;background_background&quot;:&quot;classic&quot;}\">\n\t\t\t<div class=\"elementor-widget-wrap elementor-element-populated\">\n\t\t\t\t\t\t<div class=\"elementor-element elementor-element-2f195ec elementor-widget elementor-widget-spacer\" data-id=\"2f195ec\" data-element_type=\"widget\" data-e-type=\"widget\" data-widget_type=\"spacer.default\">\n\t\t\t\t<div class=\"elementor-widget-container\">\n\t\t\t\t\t\t\t<div class=\"elementor-spacer\">\n\t\t\t<div class=\"elementor-spacer-inner\"><\/div>\n\t\t<\/div>\n\t\t\t\t\t\t<\/div>\n\t\t\t\t<\/div>\n\t\t\t\t<div class=\"elementor-element elementor-element-a4eb026 elementor-widget elementor-widget-spacer\" data-id=\"a4eb026\" data-element_type=\"widget\" data-e-type=\"widget\" data-widget_type=\"spacer.default\">\n\t\t\t\t<div class=\"elementor-widget-container\">\n\t\t\t\t\t\t\t<div class=\"elementor-spacer\">\n\t\t\t<div class=\"elementor-spacer-inner\"><\/div>\n\t\t<\/div>\n\t\t\t\t\t\t<\/div>\n\t\t\t\t<\/div>\n\t\t\t\t\t<\/div>\n\t\t<\/div>\n\t\t\t\t<div class=\"elementor-column elementor-col-50 elementor-top-column elementor-element elementor-element-c75ecf6\" data-id=\"c75ecf6\" data-element_type=\"column\" data-e-type=\"column\">\n\t\t\t<div class=\"elementor-widget-wrap elementor-element-populated\">\n\t\t\t\t\t\t<section class=\"elementor-section elementor-top-section elementor-element elementor-element-404bdca elementor-section-boxed elementor-section-height-default elementor-section-height-default\" data-id=\"404bdca\" data-element_type=\"section\" data-e-type=\"section\" data-settings=\"{&quot;_ha_eqh_enable&quot;:false}\">\n\t\t\t\t\t\t<div class=\"elementor-container elementor-column-gap-default\">\n\t\t\t\t\t<div class=\"elementor-column elementor-col-100 elementor-top-column elementor-element elementor-element-2ad06f5\" data-id=\"2ad06f5\" data-element_type=\"column\" data-e-type=\"column\">\n\t\t\t<div class=\"elementor-widget-wrap elementor-element-populated\">\n\t\t\t\t\t\t<div class=\"elementor-element elementor-element-d31c737 elementor-widget elementor-widget-text-editor\" data-id=\"d31c737\" data-element_type=\"widget\" data-e-type=\"widget\" data-widget_type=\"text-editor.default\">\n\t\t\t\t<div class=\"elementor-widget-container\">\n\t\t\t\t\t\t\t\t\t<p>Si vous et votre famille souhaitez vivre et travailler au Canada pendant une p\u00e9riode illimit\u00e9e \u00e0 titre de r\u00e9sidents permanents, vous devrez \u00eatre approuv\u00e9s pour le programme de visa canadien pertinent. La plupart des 300 000 personnes qui immigrent au Canada chaque ann\u00e9e sont des travailleurs \u00e9trangers qualifi\u00e9s (et les membres de leur famille) qui sont admissibles \u00e0 des programmes d\u2019 \u00ab\u00a0immigration \u00e9conomique\u00a0\u00bb tel que le :<\/p><ul><li>Programme f\u00e9d\u00e9ral des travailleurs qualifi\u00e9s (PFTQ)<\/li><li>Programme f\u00e9d\u00e9ral des m\u00e9tiers sp\u00e9cialis\u00e9s (PFMS)<\/li><li>Programme des candidats des provinces (PCP)<\/li><li>Programme des travailleurs s\u00e9lectionn\u00e9s du Qu\u00e9bec (PTSQ)<\/li><\/ul>\t\t\t\t\t\t\t\t<\/div>\n\t\t\t\t<\/div>\n\t\t\t\t<div class=\"elementor-element elementor-element-99dbdac elementor-widget elementor-widget-heading\" data-id=\"99dbdac\" data-element_type=\"widget\" data-e-type=\"widget\" data-widget_type=\"heading.default\">\n\t\t\t\t<div class=\"elementor-widget-container\">\n\t\t\t\t\t<h2 class=\"elementor-heading-title elementor-size-default\">Exigences g\u00e9n\u00e9rales<\/h2>\t\t\t\t<\/div>\n\t\t\t\t<\/div>\n\t\t\t\t<div class=\"elementor-element elementor-element-b7f745f elementor-widget elementor-widget-text-editor\" data-id=\"b7f745f\" data-element_type=\"widget\" data-e-type=\"widget\" data-widget_type=\"text-editor.default\">\n\t\t\t\t<div class=\"elementor-widget-container\">\n\t\t\t\t\t\t\t\t\t<p>Chacun de ces programmes de visa canadiens a ses propres exigences d\u2019admissibilit\u00e9 qui doivent \u00eatre satisfaites avant qu\u2019un(e) immigrant(e) soit approuv\u00e9(e) pour la r\u00e9sidence permanente et vivre au Canada \u00e0 long terme. Certains programmes de visa canadiens utilisent un syst\u00e8me de points \u00e0 travers lequel des points sont accord\u00e9s pour diff\u00e9rents crit\u00e8res (comme l\u2019\u00e2ge, l\u2019\u00e9ducation, l\u2019exp\u00e9rience de travail, etc.) et un nombre minimum de points doit \u00eatre obtenu pour se qualifier, en plus de satisfaire \u00e0 toutes les autres exigences. Il existe \u00e9galement des crit\u00e8res communs auxquels tous les immigrants doivent satisfaire, comme une bonne sant\u00e9 et moralit\u00e9. Cela peut exiger que l\u2019immigrant(e) subisse un examen m\u00e9dical et obtienne un certificat de police. Le demandeur principal dans le cadre d\u2019un programme d\u2019immigration \u00e9conomique devra d\u00e9montrer un niveau ad\u00e9quat de comp\u00e9tences linguistiques en anglais ou en fran\u00e7ais en obtenant une note satisfaisante \u00e0 un examen d\u2019\u00e9valuation linguistique autoris\u00e9 (comme l\u2019IELTS pour l\u2019anglais ou le TEF pour le fran\u00e7ais). Les travailleurs \u00e9trangers qualifi\u00e9s qui sont admissibles au PFTQ, au PFMS ou au PCP peuvent pr\u00e9senter une demande au programme d\u2019Entr\u00e9e Express pour le Canada. Veuillez noter qu\u2019il s\u2019agit d\u2019un aper\u00e7u g\u00e9n\u00e9ral des exigences et que les experts d\u2019Immigration Canadiennes peuvent examiner vos renseignements et vous informer si vous \u00eates susceptible d\u2019\u00eatre admissible \u00e0 un programme de visa canadien.<\/p>\t\t\t\t\t\t\t\t<\/div>\n\t\t\t\t<\/div>\n\t\t\t\t<div class=\"elementor-element elementor-element-d4c1d3f elementor-widget elementor-widget-heading\" data-id=\"d4c1d3f\" data-element_type=\"widget\" data-e-type=\"widget\" data-widget_type=\"heading.default\">\n\t\t\t\t<div class=\"elementor-widget-container\">\n\t\t\t\t\t<h2 class=\"elementor-heading-title elementor-size-default\">Avantages majeurs<\/h2>\t\t\t\t<\/div>\n\t\t\t\t<\/div>\n\t\t\t\t<div class=\"elementor-element elementor-element-cbf9675 elementor-widget elementor-widget-text-editor\" data-id=\"cbf9675\" data-element_type=\"widget\" data-e-type=\"widget\" data-widget_type=\"text-editor.default\">\n\t\t\t\t<div class=\"elementor-widget-container\">\n\t\t\t\t\t\t\t\t\t<p>La r\u00e9sidence permanente au Canada procure de nombreux avantages aux immigrant(e)s. L\u2019un des principaux avantages de la r\u00e9sidence permanente canadienne r\u00e9side dans le droit de vivre au Canada pour une dur\u00e9e illimit\u00e9e. Apr\u00e8s avoir v\u00e9cu au Canada pendant au moins trois ans au cours d\u2019une p\u00e9riode de cinq ans, un(e) r\u00e9sident(e) permanent(e) peut pr\u00e9senter une demande de citoyennet\u00e9 canadienne. Un autre avantage cl\u00e9 est l\u2019autorisation l\u00e9gale de travailler au Canada et la possibilit\u00e9 de d\u00e9marrer une entreprise. Un(e) r\u00e9sident(e) permanent(e) du Canada re\u00e7oit gratuitement des soins de sant\u00e9 publics et a acc\u00e8s aux programmes d\u2019\u00e9ducation canadiens. La r\u00e9sidence permanente canadienne permet \u00e0 un(e) immigrant(e) d\u2019ouvrir un compte bancaire, de demander un permis de conduire et de poss\u00e9der des biens au Canada. Si un(e) r\u00e9sident(e) permanent(e) canadien(ne) est \u00e2g\u00e9(e) d\u2019au moins 18 ans et r\u00e9pond \u00e0 d\u2019autres crit\u00e8res, il\/elle peut \u00eatre en mesure de parrainer des membres de sa famille admissibles pour obtenir un visa canadien. Ce ne sont l\u00e0 que quelques-uns des principaux avantages de l\u2019immigration canadienne!<\/p>\t\t\t\t\t\t\t\t<\/div>\n\t\t\t\t<\/div>\n\t\t\t\t<div class=\"elementor-element elementor-element-31ba0e5 elementor-widget elementor-widget-heading\" data-id=\"31ba0e5\" data-element_type=\"widget\" data-e-type=\"widget\" data-widget_type=\"heading.default\">\n\t\t\t\t<div class=\"elementor-widget-container\">\n\t\t\t\t\t<h2 class=\"elementor-heading-title elementor-size-default\">Programme f\u00e9d\u00e9ral des travailleurs qualifi\u00e9s<\/h2>\t\t\t\t<\/div>\n\t\t\t\t<\/div>\n\t\t\t\t<div class=\"elementor-element elementor-element-f331281 elementor-widget elementor-widget-text-editor\" data-id=\"f331281\" data-element_type=\"widget\" data-e-type=\"widget\" data-widget_type=\"text-editor.default\">\n\t\t\t\t<div class=\"elementor-widget-container\">\n\t\t\t\t\t\t\t\t\t<p>Le Programme f\u00e9d\u00e9ral des travailleurs qualifi\u00e9s (PFTQ) est con\u00e7u pour les professionnels de diff\u00e9rentes professions qui exigent habituellement un dipl\u00f4me universitaire ou une autre formation postsecondaire. Une ann\u00e9e d\u2019exp\u00e9rience de travail r\u00e9mun\u00e9r\u00e9 \u00e0 temps plein au cours des 10 derni\u00e8res ann\u00e9es est requise dans une profession admissible qui figure au niveau de comp\u00e9tence 0 (emplois de gestion), au niveau de comp\u00e9tence 1 (emplois exigeant habituellement un dipl\u00f4me universitaire) ou au\u00a0<span class=\"HwtZe\" lang=\"fr\"><span class=\"jCAhz ChMk0b\"><span class=\"ryNqvb\">niveaux<\/span><\/span><\/span>\u00a0de comp\u00e9tence 2 ou 3 (m\u00e9tiers sp\u00e9cialis\u00e9s et emplois techniques exigeant une formation postsecondaire) dans la version 2021 de la Classification nationale des professions (CNP) du Canada. De plus, au moins 67 points sur 100 doivent \u00eatre obtenus pour six facteurs (c.-\u00e0-d. \u00e2ge,\u00a0 les comp\u00e9tences linguistiques en fran\u00e7ais ou en anglais, les \u00e9tudes, une exp\u00e9rience de travail pertinente, un emploi r\u00e9serv\u00e9 au Canada et\u00a0 la capacit\u00e9 d\u2019adaptation). Si vous \u00eates admissible au PFTQ, vous pouvez pr\u00e9senter une demande d\u2019immigration pour Express Entry (Entr\u00e9e express) au Canada.<\/p><p>\u00a0<\/p>\t\t\t\t\t\t\t\t<\/div>\n\t\t\t\t<\/div>\n\t\t\t\t<div class=\"elementor-element elementor-element-a76fa60 elementor-widget elementor-widget-heading\" data-id=\"a76fa60\" data-element_type=\"widget\" data-e-type=\"widget\" data-widget_type=\"heading.default\">\n\t\t\t\t<div class=\"elementor-widget-container\">\n\t\t\t\t\t<h2 class=\"elementor-heading-title elementor-size-default\">Programme f\u00e9d\u00e9ral des m\u00e9tiers sp\u00e9cialis\u00e9s<\/h2>\t\t\t\t<\/div>\n\t\t\t\t<\/div>\n\t\t\t\t<div class=\"elementor-element elementor-element-25ab461 elementor-widget elementor-widget-text-editor\" data-id=\"25ab461\" data-element_type=\"widget\" data-e-type=\"widget\" data-widget_type=\"text-editor.default\">\n\t\t\t\t<div class=\"elementor-widget-container\">\n\t\t\t\t\t\t\t\t\t<p>Le Programme f\u00e9d\u00e9ral des m\u00e9tiers sp\u00e9cialis\u00e9s (PFMS) a \u00e9t\u00e9 cr\u00e9\u00e9 pour inciter les professionnels \u00e9trangers et leurs familles \u00e0 vivre et \u00e0 travailler au Canada \u00e0 long terme. (Remarque : les professionnels qui veulent travailler au Qu\u00e9bec devraient pr\u00e9senter une demande pour le PTSQ.) Les professionnels \u00e9trangers doivent avoir acquis au moins deux ans d\u2019exp\u00e9rience de travail r\u00e9mun\u00e9r\u00e9 \u00e0 temps plein au cours des cinq derni\u00e8res ann\u00e9es dans un m\u00e9tier qualifi\u00e9 admissible pour pr\u00e9senter une demande au PFMS. En plus d\u2019avoir des comp\u00e9tences suffisantes en anglais ou en fran\u00e7ais, un professionnel \u00e9tranger devra faire preuve d\u2019une offre d\u2019emploi admissible \u00e0 temps plein au Canada pendant au moins un an ou d\u2019un certificat de qualification d\u00e9livr\u00e9 par l\u2019autorit\u00e9 provinciale ou territoriale canadienne comp\u00e9tente pour le m\u00e9tier qualifi\u00e9 admissible. Un professionnel \u00e9tranger qui satisfait \u00e0 toutes les conditions d\u2019admissibilit\u00e9 au PFMS peut pr\u00e9senter une demande d\u2019admission au Canada par le biais du syst\u00e8me d\u2019Entr\u00e9e Express.<\/p>\t\t\t\t\t\t\t\t<\/div>\n\t\t\t\t<\/div>\n\t\t\t\t<div class=\"elementor-element elementor-element-b94bc63 elementor-widget elementor-widget-heading\" data-id=\"b94bc63\" data-element_type=\"widget\" data-e-type=\"widget\" data-widget_type=\"heading.default\">\n\t\t\t\t<div class=\"elementor-widget-container\">\n\t\t\t\t\t<h2 class=\"elementor-heading-title elementor-size-default\">Programme des candidats des provinces<\/h2>\t\t\t\t<\/div>\n\t\t\t\t<\/div>\n\t\t\t\t<div class=\"elementor-element elementor-element-22806f2 elementor-widget elementor-widget-text-editor\" data-id=\"22806f2\" data-element_type=\"widget\" data-e-type=\"widget\" data-widget_type=\"text-editor.default\">\n\t\t\t\t<div class=\"elementor-widget-container\">\n\t\t\t\t\t\t\t\t\t<p>Le Programme des candidats des provinces (PCP) aide les provinces et territoires du Canada \u00e0 trouver les travailleurs qualifi\u00e9s dont ils ont besoin dans leur r\u00e9gion du Canada. Chaque province ou territoire \u00e9tablit ses propres crit\u00e8res PCP en collaboration avec les agents d\u2019immigration canadiens. Veuillez noter que les travailleurs \u00e9trangers qui veulent vivre dans la province canadienne-fran\u00e7aise du Qu\u00e9bec doivent faire une demande d\u2019adh\u00e9sion au PTSQ. Bien que chaque province ou territoire \u00e9tabli ses propres crit\u00e8res de PCP en fonction des besoins de sa r\u00e9gion, ils utilisent tous une proc\u00e9dure de demande en deux \u00e9tapes similaire. Premi\u00e8rement, un travailleur \u00e9tranger doit pr\u00e9senter une demande au PCP pour la province ou le territoire o\u00f9 il souhaite travailler au Canada. Si les fonctionnaires provinciaux examinent la demande de PCP et estiment que le travailleur \u00e9tranger r\u00e9pond aux crit\u00e8res qu\u2019ils recherchent, un Certificat de d\u00e9signation provincial peut \u00eatre d\u00e9livr\u00e9. Le travailleur \u00e9tranger passera alors \u00e0 la deuxi\u00e8me \u00e9tape importante du processus PCP, qui consiste \u00e0 faire une demande de visa canadien aupr\u00e8s des autorit\u00e9s nationales en mati\u00e8re d\u2019immigration. La demande de visa pour le Canada par le biais du Programme des candidats des provinces peut se faire par le biais du processus PCP traditionnel ou du syst\u00e8me d\u2019Entr\u00e9e express.<\/p>\t\t\t\t\t\t\t\t<\/div>\n\t\t\t\t<\/div>\n\t\t\t\t<div class=\"elementor-element elementor-element-ab5ba07 elementor-widget elementor-widget-heading\" data-id=\"ab5ba07\" data-element_type=\"widget\" data-e-type=\"widget\" data-widget_type=\"heading.default\">\n\t\t\t\t<div class=\"elementor-widget-container\">\n\t\t\t\t\t<h2 class=\"elementor-heading-title elementor-size-default\">Programme des travailleurs s\u00e9lectionn\u00e9s du Qu\u00e9bec<\/h2>\t\t\t\t<\/div>\n\t\t\t\t<\/div>\n\t\t\t\t<div class=\"elementor-element elementor-element-2bee6a6 elementor-widget elementor-widget-text-editor\" data-id=\"2bee6a6\" data-element_type=\"widget\" data-e-type=\"widget\" data-widget_type=\"text-editor.default\">\n\t\t\t\t<div class=\"elementor-widget-container\">\n\t\t\t\t\t\t\t\t\t<p>Le Programme des travailleurs qualifi\u00e9s\u00a0 du Qu\u00e9bec (PTQQ) est un programme d\u2019immigration canadien ponctuel destin\u00e9 aux travailleurs \u00e9trangers qualifi\u00e9s qui d\u00e9sirent s\u2019\u00e9tablir au Qu\u00e9bec, une province majoritairement francophone. Des points sont accord\u00e9s pour les \u00e9tudes, l\u2019exp\u00e9rience professionnelle, l\u2019\u00e2ge, les comp\u00e9tences linguistiques en fran\u00e7ais et\/ou en anglais, le lien avec le Qu\u00e9bec, le\/la conjoint(e) et d\u2019autres facteurs. Si les autorit\u00e9s provinciales du Qu\u00e9bec estiment que le travailleur \u00e9tranger et sa famille seront compatibles avec le Qu\u00e9bec, elles d\u00e9livreront un Certificat de s\u00e9lection du Qu\u00e9bec (CSQ). La deuxi\u00e8me \u00e9tape de la proc\u00e9dure consistera \u00e0 pr\u00e9senter une demande de visa de r\u00e9sident permanent au Canada au pr\u00e8s de l\u2019organisme national d\u2019immigration canadien. Si l\u2019immigration au Canada est approuv\u00e9e, le travailleur \u00e9tranger et sa famille seront autoris\u00e9s \u00e0 vivre et \u00e0 travailler \u00e0 long terme dans le beau Qu\u00e9bec!<\/p>\t\t\t\t\t\t\t\t<\/div>\n\t\t\t\t<\/div>\n\t\t\t\t<div class=\"elementor-element elementor-element-2d63717 elementor-widget elementor-widget-heading\" data-id=\"2d63717\" data-element_type=\"widget\" data-e-type=\"widget\" data-widget_type=\"heading.default\">\n\t\t\t\t<div class=\"elementor-widget-container\">\n\t\t\t\t\t<h2 class=\"elementor-heading-title elementor-size-default\">Entr\u00e9e Express<\/h2>\t\t\t\t<\/div>\n\t\t\t\t<\/div>\n\t\t\t\t<div class=\"elementor-element elementor-element-20dae15 elementor-widget elementor-widget-text-editor\" data-id=\"20dae15\" data-element_type=\"widget\" data-e-type=\"widget\" data-widget_type=\"text-editor.default\">\n\t\t\t\t<div class=\"elementor-widget-container\">\n\t\t\t\t\t\t\t\t\t<p>Entr\u00e9e express est un syst\u00e8me de gestion de l\u2019immigration canadien par points pour les \u00ab immigrants \u00e9conomiques \u00bb qui veulent vivre et\u00a0 travailler au Canada. Les travailleurs \u00e9trangers qualifi\u00e9s doivent satisfaire aux conditions d\u2019admissibilit\u00e9 \u00e0 un programme de visa canadien qui est admissible \u00e0 l\u2019immigration Entr\u00e9e Express au Canada, comme le Programme f\u00e9d\u00e9ral des travailleurs qualifi\u00e9s (PFTQ) ou le Programme f\u00e9d\u00e9ral des m\u00e9tiers sp\u00e9cialis\u00e9s (PFMS). Dans certaines situations, les travailleurs \u00e9trangers admissibles au Programme des candidats des provinces (PCP) peuvent pr\u00e9senter une demande de visa canadien en ayant recours au syst\u00e8me d\u2019admission Entr\u00e9e Express.<\/p><p>La proc\u00e9dure commence par le d\u00e9p\u00f4t d\u2019un profil d\u2019Entr\u00e9e Express en ligne aupr\u00e8s de l\u2019organisme canadien d\u2019immigration, qui contient des renseignements pertinents sur le\/la travailleuse \u00e9tranger(e) qualifi\u00e9(e) et sa famille. Cela exige habituellement que le\/la candidat(e) re\u00e7oive d\u2019abord une note ad\u00e9quate \u00e0 un examen d\u2019\u00e9valuation linguistique autoris\u00e9 pour l\u2019anglais (tel que l\u2019IELTS) et\/ou le fran\u00e7ais (tel que le TEF) d\u2019au moins deux ans. Il se peut \u00e9galement que le demandeur dans le cadre du programme Entr\u00e9e Express doive obtenir une \u00e9valuation des titres de comp\u00e9tences d\u2019un organisme autoris\u00e9 pour d\u00e9terminer la fa\u00e7on dont ses \u00e9tudes acquises \u00e0 l\u2019ext\u00e9rieur du Canada sont compatibles \u00e0 celles suivies \u00e0 l\u2019int\u00e9rieur du Canada. Une fois le profil Entr\u00e9e Express soumis, un agent d\u2019immigration canadien examinera les renseignements et des points seront accord\u00e9s en fonction des divers facteurs du Syst\u00e8me de classement global. Si le demandeur semble satisfaire aux crit\u00e8res d\u2019admissibilit\u00e9 \u00e0 un programme de visa canadien admissible (comme le PFTQ ou le PFMS) son profil sera plac\u00e9 dans le bassin d\u2019admission Entr\u00e9e Express pour une p\u00e9riode maximale de 12 mois.<\/p><p>Une Invitation \u00e0 postuler (IAP) pour un visa canadien sera envoy\u00e9e p\u00e9riodiquement aux candidats du bassin d\u2019admission Entr\u00e9e Express qui ont le plus grand nombre de points dans le syst\u00e8me de classement global, \u00e0 ceux qui obtiennent une offre d\u2019emploi admissible au Canada ou \u00e0 ceux qui re\u00e7oivent une Nomination provinciale au Programme de candidats des provinces (PCP). Une fois l\u2019IAP \u00e9mise le candidat \u00e0 Entr\u00e9e Express aura 60 jours pour d\u00e9poser sa demande de visa canadien et devrait recevoir une d\u00e9cision au sujet de l\u2019immigration au Canada dans environ six mois ou moins.<\/p>\t\t\t\t\t\t\t\t<\/div>\n\t\t\t\t<\/div>\n\t\t\t\t<div class=\"elementor-element elementor-element-5a7edc5 elementor-widget elementor-widget-heading\" data-id=\"5a7edc5\" data-element_type=\"widget\" data-e-type=\"widget\" data-widget_type=\"heading.default\">\n\t\t\t\t<div class=\"elementor-widget-container\">\n\t\t\t\t\t<h2 class=\"elementor-heading-title elementor-size-default\">Les visas d'entr\u00e9es sur base des comp\u00e9tences<\/h2>\t\t\t\t<\/div>\n\t\t\t\t<\/div>\n\t\t\t\t<div class=\"elementor-element elementor-element-c905a94 elementor-widget elementor-widget-text-editor\" data-id=\"c905a94\" data-element_type=\"widget\" data-e-type=\"widget\" data-widget_type=\"text-editor.default\">\n\t\t\t\t<div class=\"elementor-widget-container\">\n\t\t\t\t\t\t\t\t\tPIECA , conform\u00e9ment aux normes et lois d&rsquo;immigration canadiennes en vigueur, facilite l&rsquo;acc\u00e8s et le travail au Canada, \u00e0 toute personne disposant des comp\u00e9tences hautement recherch\u00e9es par le march\u00e9 d&#8217;emploi canadien\t\t\t\t\t\t\t\t<\/div>\n\t\t\t\t<\/div>\n\t\t\t\t<div class=\"elementor-element elementor-element-5f79127 elementor-widget elementor-widget-heading\" data-id=\"5f79127\" data-element_type=\"widget\" data-e-type=\"widget\" data-widget_type=\"heading.default\">\n\t\t\t\t<div class=\"elementor-widget-container\">\n\t\t\t\t\t<h2 class=\"elementor-heading-title elementor-size-default\">Autres Visas<\/h2>\t\t\t\t<\/div>\n\t\t\t\t<\/div>\n\t\t\t\t<div class=\"elementor-element elementor-element-2498cec elementor-widget elementor-widget-text-editor\" data-id=\"2498cec\" data-element_type=\"widget\" data-e-type=\"widget\" data-widget_type=\"text-editor.default\">\n\t\t\t\t<div class=\"elementor-widget-container\">\n\t\t\t\t\t\t\t\t\tPIECA offre plusieurs facilitations li\u00e9es aux entrepreneurs, aux hommes et femmes d&rsquo;affaires, aux athl\u00e8tes ainsi qu&rsquo;aux experts de la science :<BR><br>\n1. R\u00e9union d&rsquo;affaires;<br>\n2. Conf\u00e9rences,  s\u00e9minaire ou atelier de formation;<br>\n3 contrat commercial et \/ ou industriel ;<br>\n4. Professeur visiteur;  \t\t\t\t\t\t\t\t<\/div>\n\t\t\t\t<\/div>\n\t\t\t\t<div class=\"elementor-element elementor-element-601c096 elementor-widget elementor-widget-text-editor\" data-id=\"601c096\" data-element_type=\"widget\" data-e-type=\"widget\" data-widget_type=\"text-editor.default\">\n\t\t\t\t<div class=\"elementor-widget-container\">\n\t\t\t\t\t\t\t\t\t<p>Pour recevoir votre \u00e9valuation d\u2019admissibilit\u00e9 \u00e0 Entr\u00e9e Express par Immigration Canadienne, <a href=\"#\">cliquez ici !<\/a><\/p><p><strong>AVERTISSEMENT: Ces informations ne sont pas et ne doivent pas \u00eatre consid\u00e9r\u00e9es comme des conseils d\u2019experts ou de professionnels.<\/strong><\/p>\t\t\t\t\t\t\t\t<\/div>\n\t\t\t\t<\/div>\n\t\t\t\t\t<\/div>\n\t\t<\/div>\n\t\t\t\t\t<\/div>\n\t\t<\/section>\n\t\t\t\t\t<\/div>\n\t\t<\/div>\n\t\t\t\t\t<\/div>\n\t\t<\/section>\n\t\t\t\t<\/div>\n\t\t","protected":false},"excerpt":{"rendered":"<p>Programmes de visas Si vous et votre famille souhaitez vivre et travailler au Canada pendant une p\u00e9riode illimit\u00e9e \u00e0 titre de r\u00e9sidents permanents, vous devrez \u00eatre approuv\u00e9s pour le programme de visa canadien pertinent. La plupart des 300 000 personnes qui immigrent au Canada chaque ann\u00e9e sont des travailleurs \u00e9trangers qualifi\u00e9s (et les membres de&#8230;<\/p>\n","protected":false},"author":1,"featured_media":0,"parent":0,"menu_order":0,"comment_status":"closed","ping_status":"closed","template":"","meta":{"_kadence_starter_templates_imported_post":false,"_kad_post_transparent":"","_kad_post_title":"hide","_kad_post_layout":"fullwidth","_kad_post_sidebar_id":"","_kad_post_content_style":"unboxed","_kad_post_vertical_padding":"hide","_kad_post_feature":"hide","_kad_post_feature_position":"","_kad_post_header":false,"_kad_post_footer":false,"_kad_post_classname":"","footnotes":""},"class_list":["post-2922","page","type-page","status-publish","hentry"],"_links":{"self":[{"href":"https:\/\/pie-canada.org\/index.php?rest_route=\/wp\/v2\/pages\/2922","targetHints":{"allow":["GET"]}}],"collection":[{"href":"https:\/\/pie-canada.org\/index.php?rest_route=\/wp\/v2\/pages"}],"about":[{"href":"https:\/\/pie-canada.org\/index.php?rest_route=\/wp\/v2\/types\/page"}],"author":[{"embeddable":true,"href":"https:\/\/pie-canada.org\/index.php?rest_route=\/wp\/v2\/users\/1"}],"replies":[{"embeddable":true,"href":"https:\/\/pie-canada.org\/index.php?rest_route=%2Fwp%2Fv2%2Fcomments&post=2922"}],"version-history":[{"count":31,"href":"https:\/\/pie-canada.org\/index.php?rest_route=\/wp\/v2\/pages\/2922\/revisions"}],"predecessor-version":[{"id":3411,"href":"https:\/\/pie-canada.org\/index.php?rest_route=\/wp\/v2\/pages\/2922\/revisions\/3411"}],"wp:attachment":[{"href":"https:\/\/pie-canada.org\/index.php?rest_route=%2Fwp%2Fv2%2Fmedia&parent=2922"}],"curies":[{"name":"wp","href":"https:\/\/api.w.org\/{rel}","templated":true}]}}