{"id":492,"date":"2020-10-26T11:38:49","date_gmt":"2020-10-26T11:38:49","guid":{"rendered":"http:\/\/www.grafas.org\/demo02\/?page_id=492"},"modified":"2023-02-27T13:54:24","modified_gmt":"2023-02-27T13:54:24","slug":"a-propos-de-nous","status":"publish","type":"page","link":"https:\/\/pie-canada.org\/?page_id=492","title":{"rendered":"\u00c0 propos de nous"},"content":{"rendered":"\t\t<div data-elementor-type=\"wp-page\" data-elementor-id=\"492\" class=\"elementor elementor-492\" data-elementor-settings=\"{&quot;ha_cmc_init_switcher&quot;:&quot;no&quot;}\">\n\t\t\t\t\t\t<section class=\"elementor-section elementor-top-section elementor-element elementor-element-447bb11 elementor-section-height-min-height elementor-section-items-bottom elementor-section-boxed elementor-section-height-default\" data-id=\"447bb11\" data-element_type=\"section\" data-e-type=\"section\" data-settings=\"{&quot;background_background&quot;:&quot;classic&quot;,&quot;_ha_eqh_enable&quot;:false}\">\n\t\t\t\t\t\t\t<div class=\"elementor-background-overlay\"><\/div>\n\t\t\t\t\t\t\t<div class=\"elementor-container elementor-column-gap-default\">\n\t\t\t\t\t<div class=\"elementor-column elementor-col-50 elementor-top-column elementor-element elementor-element-01b2a2e\" data-id=\"01b2a2e\" data-element_type=\"column\" data-e-type=\"column\">\n\t\t\t<div class=\"elementor-widget-wrap elementor-element-populated\">\n\t\t\t\t\t\t<div class=\"elementor-element elementor-element-5cf34b4 elementor-widget elementor-widget-heading\" data-id=\"5cf34b4\" data-element_type=\"widget\" data-e-type=\"widget\" data-widget_type=\"heading.default\">\n\t\t\t\t<div class=\"elementor-widget-container\">\n\t\t\t\t\t<h2 class=\"elementor-heading-title elementor-size-default\">\u00c0 propos de nous<\/h2>\t\t\t\t<\/div>\n\t\t\t\t<\/div>\n\t\t\t\t\t<\/div>\n\t\t<\/div>\n\t\t\t\t<div class=\"elementor-column elementor-col-50 elementor-top-column elementor-element elementor-element-71f47ea elementor-hidden-tablet elementor-hidden-phone\" data-id=\"71f47ea\" data-element_type=\"column\" data-e-type=\"column\">\n\t\t\t<div class=\"elementor-widget-wrap\">\n\t\t\t\t\t\t\t<\/div>\n\t\t<\/div>\n\t\t\t\t\t<\/div>\n\t\t<\/section>\n\t\t\t\t<section class=\"elementor-section elementor-top-section elementor-element elementor-element-34ef086 elementor-section-full_width elementor-section-height-default elementor-section-height-default\" data-id=\"34ef086\" data-element_type=\"section\" data-e-type=\"section\" data-settings=\"{&quot;background_background&quot;:&quot;classic&quot;,&quot;_ha_eqh_enable&quot;:false}\">\n\t\t\t\t\t\t<div class=\"elementor-container elementor-column-gap-default\">\n\t\t\t\t\t<div class=\"elementor-column elementor-col-50 elementor-top-column elementor-element elementor-element-64f06bd elementor-hidden-tablet elementor-hidden-mobile\" data-id=\"64f06bd\" data-element_type=\"column\" data-e-type=\"column\" data-settings=\"{&quot;background_background&quot;:&quot;classic&quot;}\">\n\t\t\t<div class=\"elementor-widget-wrap elementor-element-populated\">\n\t\t\t\t\t\t<div class=\"elementor-element elementor-element-861d19a elementor-hidden-tablet elementor-hidden-mobile elementor-widget elementor-widget-spacer\" data-id=\"861d19a\" data-element_type=\"widget\" data-e-type=\"widget\" data-widget_type=\"spacer.default\">\n\t\t\t\t<div class=\"elementor-widget-container\">\n\t\t\t\t\t\t\t<div class=\"elementor-spacer\">\n\t\t\t<div class=\"elementor-spacer-inner\"><\/div>\n\t\t<\/div>\n\t\t\t\t\t\t<\/div>\n\t\t\t\t<\/div>\n\t\t\t\t<div class=\"elementor-element elementor-element-01ce81c elementor-widget elementor-widget-spacer\" data-id=\"01ce81c\" data-element_type=\"widget\" data-e-type=\"widget\" data-widget_type=\"spacer.default\">\n\t\t\t\t<div class=\"elementor-widget-container\">\n\t\t\t\t\t\t\t<div class=\"elementor-spacer\">\n\t\t\t<div class=\"elementor-spacer-inner\"><\/div>\n\t\t<\/div>\n\t\t\t\t\t\t<\/div>\n\t\t\t\t<\/div>\n\t\t\t\t\t<\/div>\n\t\t<\/div>\n\t\t\t\t<div class=\"elementor-column elementor-col-50 elementor-top-column elementor-element elementor-element-568c3ba\" data-id=\"568c3ba\" data-element_type=\"column\" data-e-type=\"column\">\n\t\t\t<div class=\"elementor-widget-wrap elementor-element-populated\">\n\t\t\t\t\t\t<section class=\"elementor-section elementor-top-section elementor-element elementor-element-60c7c06 elementor-section-boxed elementor-section-height-default elementor-section-height-default\" data-id=\"60c7c06\" data-element_type=\"section\" data-e-type=\"section\" data-settings=\"{&quot;_ha_eqh_enable&quot;:false}\">\n\t\t\t\t\t\t<div class=\"elementor-container elementor-column-gap-default\">\n\t\t\t\t\t<div class=\"elementor-column elementor-col-100 elementor-top-column elementor-element elementor-element-8921957\" data-id=\"8921957\" data-element_type=\"column\" data-e-type=\"column\">\n\t\t\t<div class=\"elementor-widget-wrap elementor-element-populated\">\n\t\t\t\t\t\t<div class=\"elementor-element elementor-element-40ff497 elementor-widget elementor-widget-text-editor\" data-id=\"40ff497\" data-element_type=\"widget\" data-e-type=\"widget\" data-widget_type=\"text-editor.default\">\n\t\t\t\t<div class=\"elementor-widget-container\">\n\t\t\t\t\t\t\t\t\t<strong>Le programme d\u2019Immigration et d\u2019emplois au Canada<\/strong>, est un programme unique en son genre, qui offre des services b\u00e9n\u00e9fiques aux personnes qui souhaitent visiter, vivre, \u00e9tudier, travailler et faire le Business au Canada.\n<br><br>\nPIECA est un programme ind\u00e9pendant dont les piliers sont essentiellement des experts\u00a0et la plupart d&rsquo;eux sont reconnus par le gouvernement du Canada comme des repr\u00e9sentants autoris\u00e9s pour traiter toute question li\u00e9e \u00e0 l&rsquo;immigration au nom des clients et peuvent repr\u00e9senter, conseiller ou consulter les clients concernant leurs demandes d&rsquo;immigration canadienne.\n<br><br>\nNotre \u00e9quipe d\u2019assistance travaille ainsi\u00a0en collaboration avec des experts et repr\u00e9sentants autoris\u00e9s en immigration canadienne afin de guider les candidats du monde entier \u00e0 chaque \u00e9tape du processus d\u2019immigration au Canada.\n<br><br>\nNos experts-PIECA en immigration canadienne peuvent \u00e9valuer et statuer les diff\u00e9rentes possibilit\u00e9s de votre d\u00e9part pour le Canada et vous aider \u00e0 connaitre tous les documents requis pour votre cat\u00e9gorie et \u00e0 remplir correctement les d\u00e9marches de demande de visa canadien appropri\u00e9 selon votre profile, \u00e2ge et cas.\n<br><br>\nSi vous et les membres de votre famille d\u00e9sirez visiter, vivre, \u00e9tudier , travailler et faire les affaires au Canada maintenant et \u00e0 long terme devenir des r\u00e9sidents permanents ou encore avoir la possibilit\u00e9 de devenir citoyens canadiens, l\u2019\u00e9quipe de PIECA est pr\u00eate \u00e0 vous accompagner!\t\t\t\t\t\t\t\t<\/div>\n\t\t\t\t<\/div>\n\t\t\t\t\t<\/div>\n\t\t<\/div>\n\t\t\t\t\t<\/div>\n\t\t<\/section>\n\t\t\t\t\t<\/div>\n\t\t<\/div>\n\t\t\t\t\t<\/div>\n\t\t<\/section>\n\t\t\t\t<\/div>\n\t\t","protected":false},"excerpt":{"rendered":"<p>\u00c0 propos de nous Le programme d\u2019Immigration et d\u2019emplois au Canada, est un programme unique en son genre, qui offre des services b\u00e9n\u00e9fiques aux personnes qui souhaitent visiter, vivre, \u00e9tudier, travailler et faire le Business au Canada. PIECA est un programme ind\u00e9pendant dont les piliers sont essentiellement des experts\u00a0et la plupart d&rsquo;eux sont reconnus par&#8230;<\/p>\n","protected":false},"author":1,"featured_media":0,"parent":0,"menu_order":0,"comment_status":"closed","ping_status":"closed","template":"","meta":{"_kadence_starter_templates_imported_post":true,"_kad_post_transparent":"","_kad_post_title":"hide","_kad_post_layout":"fullwidth","_kad_post_sidebar_id":"","_kad_post_content_style":"unboxed","_kad_post_vertical_padding":"hide","_kad_post_feature":"hide","_kad_post_feature_position":"","_kad_post_header":false,"_kad_post_footer":false,"_kad_post_classname":"","footnotes":""},"class_list":["post-492","page","type-page","status-publish","hentry"],"_links":{"self":[{"href":"https:\/\/pie-canada.org\/index.php?rest_route=\/wp\/v2\/pages\/492","targetHints":{"allow":["GET"]}}],"collection":[{"href":"https:\/\/pie-canada.org\/index.php?rest_route=\/wp\/v2\/pages"}],"about":[{"href":"https:\/\/pie-canada.org\/index.php?rest_route=\/wp\/v2\/types\/page"}],"author":[{"embeddable":true,"href":"https:\/\/pie-canada.org\/index.php?rest_route=\/wp\/v2\/users\/1"}],"replies":[{"embeddable":true,"href":"https:\/\/pie-canada.org\/index.php?rest_route=%2Fwp%2Fv2%2Fcomments&post=492"}],"version-history":[{"count":26,"href":"https:\/\/pie-canada.org\/index.php?rest_route=\/wp\/v2\/pages\/492\/revisions"}],"predecessor-version":[{"id":3403,"href":"https:\/\/pie-canada.org\/index.php?rest_route=\/wp\/v2\/pages\/492\/revisions\/3403"}],"wp:attachment":[{"href":"https:\/\/pie-canada.org\/index.php?rest_route=%2Fwp%2Fv2%2Fmedia&parent=492"}],"curies":[{"name":"wp","href":"https:\/\/api.w.org\/{rel}","templated":true}]}}